{"id":1407,"date":"2025-11-29T14:35:51","date_gmt":"2025-11-29T14:35:51","guid":{"rendered":"https:\/\/bookspeopleplaces.com\/?post_type=product&#038;p=1407"},"modified":"2026-04-20T00:48:20","modified_gmt":"2026-04-20T00:48:20","slug":"entwurfe-fur-die-berliner-mitte","status":"publish","type":"product","link":"https:\/\/bookspeopleplaces.com\/de\/produkt\/entwurfe-fur-die-berliner-mitte\/","title":{"rendered":"Entw\u00fcrfe f\u00fcr die Berliner Mitte"},"content":{"rendered":"<p>&#8220;Entw\u00fcrfe f\u00fcr die Berliner Mitte&#8221; ist das Begleitheft zur gleichnamigen Ausstellung im Museum Mitte. Die Publikation versammelt Entw\u00fcrfe, Zeichnungen und Modelle des Architekten Zvi Hecker f\u00fcr die Berliner Mitte und gibt Einblick in seine st\u00e4dtebaulichen Visionen.<\/p>\n<p>Anhand von Fragmenten, Pl\u00e4nen und Modellen macht das Heft den Architekturdiskurs der 1990er\u2011Jahre nachvollziehbar \u2013 eine Phase der Berliner Stadtplanung, in der unterschiedliche Vorstellungen von \u00f6ffentlichem Raum, Erinnerung und Nutzung der Stadtmitte verhandelt wurden.<\/p>","protected":false},"excerpt":{"rendered":"<p>Begleitheft zur Ausstellung im Museum Mitte mit Entw\u00fcrfen, Zeichnungen und Modellen von Zvi Hecker zur Berliner Mitte \u2013 herausgegeben von Stephanie Kloss und Heimo Lattner.<\/p>","protected":false},"featured_media":1599,"comment_status":"open","ping_status":"closed","template":"","format":[53],"meta":{"_acf_changed":false},"authors":[189,188],"language":[56],"publisher":[50],"product_brand":[],"product_cat":[21],"product_tag":[],"class_list":{"0":"post-1407","1":"product","2":"type-product","3":"status-publish","4":"has-post-thumbnail","6":"authors-heimo-lattner","7":"authors-stephanie-kloss","8":"format-paperback","9":"language-german","10":"publisher-books-people-places","11":"product_cat-urban-living-planning-shop","13":"first","14":"instock","15":"taxable","16":"shipping-taxable","17":"purchasable","18":"product-type-simple"},"acf":[],"ct_brands":[],"_links":{"self":[{"href":"https:\/\/bookspeopleplaces.com\/de\/wp-json\/wp\/v2\/product\/1407","targetHints":{"allow":["GET"]}}],"collection":[{"href":"https:\/\/bookspeopleplaces.com\/de\/wp-json\/wp\/v2\/product"}],"about":[{"href":"https:\/\/bookspeopleplaces.com\/de\/wp-json\/wp\/v2\/types\/product"}],"replies":[{"embeddable":true,"href":"https:\/\/bookspeopleplaces.com\/de\/wp-json\/wp\/v2\/comments?post=1407"}],"wp:featuredmedia":[{"embeddable":true,"href":"https:\/\/bookspeopleplaces.com\/de\/wp-json\/wp\/v2\/media\/1599"}],"wp:attachment":[{"href":"https:\/\/bookspeopleplaces.com\/de\/wp-json\/wp\/v2\/media?parent=1407"}],"wp:term":[{"taxonomy":"authors","embeddable":true,"href":"https:\/\/bookspeopleplaces.com\/de\/wp-json\/wp\/v2\/authors?post=1407"},{"taxonomy":"format","embeddable":true,"href":"https:\/\/bookspeopleplaces.com\/de\/wp-json\/wp\/v2\/format?post=1407"},{"taxonomy":"language","embeddable":true,"href":"https:\/\/bookspeopleplaces.com\/de\/wp-json\/wp\/v2\/language?post=1407"},{"taxonomy":"publisher","embeddable":true,"href":"https:\/\/bookspeopleplaces.com\/de\/wp-json\/wp\/v2\/publisher?post=1407"},{"taxonomy":"product_brand","embeddable":true,"href":"https:\/\/bookspeopleplaces.com\/de\/wp-json\/wp\/v2\/product_brand?post=1407"},{"taxonomy":"product_cat","embeddable":true,"href":"https:\/\/bookspeopleplaces.com\/de\/wp-json\/wp\/v2\/product_cat?post=1407"},{"taxonomy":"product_tag","embeddable":true,"href":"https:\/\/bookspeopleplaces.com\/de\/wp-json\/wp\/v2\/product_tag?post=1407"}],"curies":[{"name":"wp","href":"https:\/\/api.w.org\/{rel}","templated":true}]}}