{"id":1401,"date":"2025-11-29T13:22:10","date_gmt":"2025-11-29T13:22:10","guid":{"rendered":"https:\/\/bookspeopleplaces.com\/?post_type=product&#038;p=1401"},"modified":"2026-04-20T00:49:05","modified_gmt":"2026-04-20T00:49:05","slug":"innenstadt-in-transformation","status":"publish","type":"product","link":"https:\/\/bookspeopleplaces.com\/de\/produkt\/innenstadt-in-transformation\/","title":{"rendered":"Innenstadt in Transformation"},"content":{"rendered":"<p>Es gibt Dinge, die scheinen unver\u00e4nderlich zu sein \u2013 zum Beispiel unsere Innenst\u00e4dte. Die Publikation &#8220;Innenstadt in Transformation&#8221; versammelt studentische Projekte, Abschlussarbeiten, Texte und Interviews zur Zukunft der Stadtzentren am Beispiel Hannover.<\/p>\n<p>Fragmente von Entw\u00fcrfen, Szenarien und fotografischen Arbeiten zeigen, wie sich Stadtzentren ver\u00e4ndern k\u00f6nnen, wenn Handel, Kultur und Alltag neu gedacht werden. Mit Beitr\u00e4gen u.a. von Tim Rieniets, Thomas Vielhaber, Verena Brehm und Zukunftsforscher Stefan Carsten.<\/p>\n<p>Fakult\u00e4t f\u00fcr Architektur und Landschaft \u2013 Leibniz Universit\u00e4t Hannover<br \/>\n60 Seiten, zahlreiche Abbildungen<br \/>\nApril 2022 \u00b7 Deutsch<br \/>\nVerlag: Books People Places<\/p>","protected":false},"excerpt":{"rendered":"<p>Publikation zur Transformation der Innenstadt von Hannover \u2013 Szenarien, Projekte und Texte aus der Lehre an der Leibniz Universit\u00e4t Hannover. 60 Seiten, zahlreiche Abbildungen.<\/p>","protected":false},"featured_media":1600,"comment_status":"open","ping_status":"closed","template":"","format":[53],"meta":{"_acf_changed":false},"authors":[187,185,186,184],"language":[56],"publisher":[50],"product_brand":[],"product_cat":[34,21],"product_tag":[],"class_list":{"0":"post-1401","1":"product","2":"type-product","3":"status-publish","4":"has-post-thumbnail","6":"authors-hannes-holscher","7":"authors-ina-marie-kapitola","8":"authors-julia-streletzki","9":"authors-lennart-beckebanze","10":"format-paperback","11":"language-german","12":"publisher-books-people-places","13":"product_cat-architecture-design-shop","14":"product_cat-urban-living-planning-shop","16":"first","17":"instock","18":"taxable","19":"shipping-taxable","20":"purchasable","21":"product-type-simple"},"acf":[],"ct_brands":[],"_links":{"self":[{"href":"https:\/\/bookspeopleplaces.com\/de\/wp-json\/wp\/v2\/product\/1401","targetHints":{"allow":["GET"]}}],"collection":[{"href":"https:\/\/bookspeopleplaces.com\/de\/wp-json\/wp\/v2\/product"}],"about":[{"href":"https:\/\/bookspeopleplaces.com\/de\/wp-json\/wp\/v2\/types\/product"}],"replies":[{"embeddable":true,"href":"https:\/\/bookspeopleplaces.com\/de\/wp-json\/wp\/v2\/comments?post=1401"}],"wp:featuredmedia":[{"embeddable":true,"href":"https:\/\/bookspeopleplaces.com\/de\/wp-json\/wp\/v2\/media\/1600"}],"wp:attachment":[{"href":"https:\/\/bookspeopleplaces.com\/de\/wp-json\/wp\/v2\/media?parent=1401"}],"wp:term":[{"taxonomy":"authors","embeddable":true,"href":"https:\/\/bookspeopleplaces.com\/de\/wp-json\/wp\/v2\/authors?post=1401"},{"taxonomy":"format","embeddable":true,"href":"https:\/\/bookspeopleplaces.com\/de\/wp-json\/wp\/v2\/format?post=1401"},{"taxonomy":"language","embeddable":true,"href":"https:\/\/bookspeopleplaces.com\/de\/wp-json\/wp\/v2\/language?post=1401"},{"taxonomy":"publisher","embeddable":true,"href":"https:\/\/bookspeopleplaces.com\/de\/wp-json\/wp\/v2\/publisher?post=1401"},{"taxonomy":"product_brand","embeddable":true,"href":"https:\/\/bookspeopleplaces.com\/de\/wp-json\/wp\/v2\/product_brand?post=1401"},{"taxonomy":"product_cat","embeddable":true,"href":"https:\/\/bookspeopleplaces.com\/de\/wp-json\/wp\/v2\/product_cat?post=1401"},{"taxonomy":"product_tag","embeddable":true,"href":"https:\/\/bookspeopleplaces.com\/de\/wp-json\/wp\/v2\/product_tag?post=1401"}],"curies":[{"name":"wp","href":"https:\/\/api.w.org\/{rel}","templated":true}]}}