{"id":599,"date":"2025-09-13T12:16:54","date_gmt":"2025-09-13T12:16:54","guid":{"rendered":"https:\/\/bookspeopleplaces.com\/imprint\/"},"modified":"2025-12-14T18:33:05","modified_gmt":"2025-12-14T18:33:05","slug":"legal-notice-imprint","status":"publish","type":"page","link":"https:\/\/bookspeopleplaces.com\/de\/legal-notice-imprint\/","title":{"rendered":"Impressum"},"content":{"rendered":"<div class=\"wp-block-group is-layout-constrained wp-block-group-is-layout-constrained\">\n<h1 data-start=\"149\" data-end=\"186\">Impressum<\/h1>\n<p data-start=\"149\" data-end=\"186\"><strong data-start=\"149\" data-end=\"184\">Angaben gem\u00e4\u00df \u00a7 5 TMG<\/strong><\/p>\n<p data-start=\"188\" data-end=\"268\">Peter Schmidt<br data-start=\"201\" data-end=\"204\" \/>Books People Places<br data-start=\"223\" data-end=\"226\" \/>Crellestra\u00dfe 26<br data-start=\"241\" data-end=\"244\" \/>10827 Berlin<br data-start=\"256\" data-end=\"259\" \/>Germany<\/p>\n<p data-start=\"188\" data-end=\"268\">Die oben genannte Adresse gilt f\u00fcr: Versand, Rechnungen und Einsendungen.\nBitte beachten Sie, dass unverlangt eingesandte Unterlagen nicht zur\u00fcckgesendet werden k\u00f6nnen, sofern sie nicht f\u00fcr eine weitere Bearbeitung ber\u00fccksichtigt werden.<\/p>\n<p data-start=\"270\" data-end=\"357\"><strong data-start=\"270\" data-end=\"281\">Contact<\/strong><br data-start=\"281\" data-end=\"284\" \/>Email: info (at) bookspeopleplaces (dot) com<br data-start=\"328\" data-end=\"331\" \/>Mobile: +49 176 38863500<\/p>\n<p data-start=\"359\" data-end=\"476\"><strong data-start=\"359\" data-end=\"369\">Steuer ID<\/strong><br data-start=\"369\" data-end=\"372\" \/>Umsatzsteuer-Identifikationsnummer gem\u00e4\u00df \u00a7 27a Umsatzsteuergesetz:\nDE350022335<\/p>\n<hr data-start=\"478\" data-end=\"481\" \/>\n<h2 data-start=\"483\" data-end=\"537\">Verantwortlich f\u00fcr den Inhalt nach \u00a7 55 Abs. 2 RStV<\/h2>\n<p data-start=\"538\" data-end=\"596\">Peter Schmidt<br data-start=\"551\" data-end=\"554\" \/>Crellestra\u00dfe 26<br data-start=\"569\" data-end=\"572\" \/>10827 Berlin<br data-start=\"584\" data-end=\"587\" \/>Germany<\/p>\n<hr data-start=\"598\" data-end=\"601\" \/>\n<h2 data-start=\"603\" data-end=\"618\">Haftungsausschluss<\/h2>\n<p data-start=\"620\" data-end=\"1387\"><strong data-start=\"620\" data-end=\"645\">Haftung f\u00fcr Inhalte<\/strong><br data-start=\"645\" data-end=\"648\" \/>Die Inhalte unserer Website wurden mit gr\u00f6\u00dftm\u00f6glicher Sorgfalt erstellt. F\u00fcr die Richtigkeit, Vollst\u00e4ndigkeit und Aktualit\u00e4t der Inhalte k\u00f6nnen wir jedoch keine Gew\u00e4hr \u00fcbernehmen. Als Diensteanbieter sind wir gem\u00e4\u00df \u00a7 7 Abs. 1 TMG und den allgemeinen gesetzlichen Bestimmungen f\u00fcr eigene Inhalte auf diesen Seiten verantwortlich.\n\nNach \u00a7\u00a7 8 bis 10 TMG sind wir jedoch nicht verpflichtet, \u00fcbermittelte oder gespeicherte fremde Informationen zu \u00fcberwachen oder nach Umst\u00e4nden zu forschen, die auf eine rechtswidrige T\u00e4tigkeit hinweisen. Verpflichtungen zur Entfernung oder Sperrung der Nutzung von Informationen nach den allgemeinen Gesetzen bleiben hiervon unber\u00fchrt. Eine diesbez\u00fcgliche Haftung ist jedoch erst ab dem Zeitpunkt der Kenntnis einer konkreten Rechtsverletzung m\u00f6glich.\n\nBei Bekanntwerden entsprechender Rechtsverletzungen werden wir diese Inhalte umgehend entfernen.<\/p>\n<p data-start=\"1389\" data-end=\"2017\"><strong data-start=\"1389\" data-end=\"1412\">Haftung f\u00fcr Links<\/strong><br data-start=\"1412\" data-end=\"1415\" \/>Unsere Website enth\u00e4lt Links zu externen Websites Dritter, auf deren Inhalte wir keinen Einfluss haben. Deshalb k\u00f6nnen wir f\u00fcr diese fremden Inhalte auch keine Gew\u00e4hr \u00fcbernehmen. F\u00fcr die Inhalte der verlinkten Seiten ist stets der jeweilige Anbieter oder Betreiber der Seiten verantwortlich.\n\nZum Zeitpunkt der Verlinkung wurden die verlinkten Seiten auf m\u00f6gliche Rechtsverst\u00f6\u00dfe \u00fcberpr\u00fcft. Rechtswidrige Inhalte waren zum Zeitpunkt der Verlinkung nicht erkennbar. Eine permanente inhaltliche Kontrolle der verlinkten Seiten ist jedoch ohne konkrete Anhaltspunkte einer Rechtsverletzung nicht zumutbar.\n\nBei Bekanntwerden von Rechtsverletzungen werden wir derartige Links umgehend entfernen.<\/p>\n<hr data-start=\"2019\" data-end=\"2022\" \/>\n<h2 data-start=\"2024\" data-end=\"2038\">Copyright<\/h2>\n<p data-start=\"2039\" data-end=\"2450\">Die durch den Seitenbetreiber erstellten Inhalte und Werke auf diesen Seiten unterliegen dem deutschen Urheberrecht. Beitr\u00e4ge Dritter sind als solche gekennzeichnet. Jede Art der Vervielf\u00e4ltigung, Bearbeitung, Verbreitung oder sonstigen Verwertung au\u00dferhalb der Grenzen des Urheberrechts bedarf der vorherigen schriftlichen Zustimmung des jeweiligen Autors bzw. Erstellers. Downloads und Kopien dieser Seite sind nur f\u00fcr den privaten, nicht kommerziellen Gebrauch gestattet.<\/p>\n<\/div>\n\n\n\n<p>Produkt- und Portr\u00e4tfotos von Julie Becquart<\/p>","protected":false},"excerpt":{"rendered":"<p>Legal Notice \/ Imprint Information pursuant to \u00a7 5 TMG Peter SchmidtBooks People PlacesCrellestra\u00dfe 2610827 BerlinGermany The above address works for: Shipping, invoice, submissions ( Please note that unsolicited submissions cannot be returned if they are not considered for further action.) ContactEmail: info (at) bookspeopleplaces (dot) comMobile: +49 176 38863500 VAT IDValue Added Tax Identification [&hellip;]<\/p>\n","protected":false},"author":1,"featured_media":0,"parent":0,"menu_order":0,"comment_status":"closed","ping_status":"closed","template":"","meta":{"_acf_changed":false,"footnotes":""},"class_list":["post-599","page","type-page","status-publish","hentry"],"blocksy_meta":[],"acf":[],"_links":{"self":[{"href":"https:\/\/bookspeopleplaces.com\/de\/wp-json\/wp\/v2\/pages\/599","targetHints":{"allow":["GET"]}}],"collection":[{"href":"https:\/\/bookspeopleplaces.com\/de\/wp-json\/wp\/v2\/pages"}],"about":[{"href":"https:\/\/bookspeopleplaces.com\/de\/wp-json\/wp\/v2\/types\/page"}],"author":[{"embeddable":true,"href":"https:\/\/bookspeopleplaces.com\/de\/wp-json\/wp\/v2\/users\/1"}],"replies":[{"embeddable":true,"href":"https:\/\/bookspeopleplaces.com\/de\/wp-json\/wp\/v2\/comments?post=599"}],"version-history":[{"count":8,"href":"https:\/\/bookspeopleplaces.com\/de\/wp-json\/wp\/v2\/pages\/599\/revisions"}],"predecessor-version":[{"id":1625,"href":"https:\/\/bookspeopleplaces.com\/de\/wp-json\/wp\/v2\/pages\/599\/revisions\/1625"}],"wp:attachment":[{"href":"https:\/\/bookspeopleplaces.com\/de\/wp-json\/wp\/v2\/media?parent=599"}],"curies":[{"name":"wp","href":"https:\/\/api.w.org\/{rel}","templated":true}]}}